{"id":8096,"date":"2018-02-28T07:40:29","date_gmt":"2018-02-28T07:40:29","guid":{"rendered":"https:\/\/enovathemes.com\/globax\/?page_id=8096"},"modified":"2025-09-17T23:28:47","modified_gmt":"2025-09-17T23:28:47","slug":"empresa","status":"publish","type":"page","link":"https:\/\/transportour.com.co\/index.php\/empresa\/","title":{"rendered":"Empresa"},"content":{"rendered":"<p>[vc_row gap=&#8221;0&#8243; css=&#8221;.vc_custom_1650220653478{padding-top: 60px !important;}&#8221;][vc_column animation_delay=&#8221;0&#8243; offset=&#8221;vc_col-lg-6 vc_col-md-8 vc_col-xs-12&#8243;]<h3 id=\"et-animated-title-1\" class=\"et-animated-title et-clearfix  curtain curtain-right\" data-mobile-font=\"20px\" data-tablet-font=\"inherit\" data-delay=\"0\" style=\"font-size:24px;font-weight:700;line-height:56px;color:#212121;\"><span class=\"text-wrapper\"><span class=\"text\">\u00bfQUIENES S\u00d3MOS?<\/span><span class=\"curtain\" style=\"background-color:#fd8c40;\"><\/span><\/span><\/h3>[\/vc_column][vc_column animation_delay=&#8221;0&#8243; width=&#8221;1\/2&#8243; offset=&#8221;vc_hidden-lg vc_hidden-md vc_hidden-sm vc_hidden-xs&#8221;][\/vc_column][\/vc_row][vc_row gap=&#8221;80&#8243; css=&#8221;.vc_custom_1650218970155{padding-bottom: 25px !important;}&#8221;][vc_column animation_delay=&#8221;0&#8243; css_animation=&#8221;bounceInLeft&#8221;]<div class=\"et-simple-braket-block-wrapper\"><style>#et-simple-braket-block-1 .braket-text {font-size:18px;font-weight:300;line-height:32px;}#et-simple-braket-block-1 .braket > div  {background-color:#fd8c40;}<\/style><div id=\"et-simple-braket-block-1\" class=\"et-simple-braket-block text-justify\"><div class=\"braket\"><div><\/div><div><\/div><div><\/div><\/div><div class=\"braket-text\" data-mobile-font=\"16px\" data-tablet-font=\"inherit\">&lt;b&gt;Transportour S.A.S&lt;\/b&gt;, empresa dedicada a la prestaci\u00f3n de servicio de transporte terrestre especial de pasajeros, busca la satisfacci\u00f3n del cliente y sus partes interesadas, brindando un servicio oportuno, confiable y seguro. Contamos con un equipo humano capacitado, motivado y responsable por la adecuada gesti\u00f3n de los procesos.<\/div><\/div><\/div><div class=\"gap et-clearfix \" style=\"height:16px\"><\/div>[\/vc_column][\/vc_row][vc_row gap=&#8221;80&#8243; css=&#8221;.vc_custom_1650219041809{padding-bottom: 72px !important;}&#8221;][vc_column animation_delay=&#8221;0&#8243; css_animation=&#8221;fadeInRight&#8221;]<div class=\"et-tab-wrapper\"><div id=\"et-tab-1\" class=\"et-tab center-true et-clearfix horizontal\"><div data-target=\"tab-mision\" class=\"active tab et-clearfix\"><span class=\"icon fa fa-check\"><\/span><h5 class=\"tab-title-tag\">MISI\u00d3N<\/h5><\/div> <div id=\"tab-mision-1\" class=\"tab-content et-clearfix\">[vc_column_text]Somos una empresa dedicada a la prestaci\u00f3n del Servicio P\u00fablico de Transporte Terrestre Especial de pasajeros a nivel nacional, enfocada a prestar un servicio seguro y oportuno. Nuestro prop\u00f3sito es velar porque todas nuestras acciones diarias sean m\u00e1s competitivas y siempre encaminadas hacia la satisfacci\u00f3n del cliente y partes interesadas.[\/vc_column_text]<\/div><div data-target=\"tab-vision\" class=\"false tab et-clearfix\"><span class=\"icon fa fa-cogs\"><\/span><h5 class=\"tab-title-tag\">VISI\u00d3N<\/h5><\/div> <div id=\"tab-vision-2\" class=\"tab-content et-clearfix\">[vc_column_text]Haciendo alusi\u00f3n a nuestro eslogan \u201cSIEMPRE AVANZANDO\u201d, para el a\u00f1o 2027 pretendemos ser modelo de competitividad, liderazgo, calidad y seguridad en el servicio de transporte terrestre especial de pasajeros a nivel Nacional, contando con sucursales en las principales ciudades del Pa\u00eds con el fin de garantizar un control fundamentado en el mejoramiento continuo y procurando que prevalezcan siempre principios como la \u00e9tica empresarial, el desarrollo sostenible y la calidad humana.[\/vc_column_text]<\/div><div data-target=\"tab-valores\" class=\"false tab et-clearfix\"><span class=\"icon fa fa-heart\"><\/span><h5 class=\"tab-title-tag\">VALORES<\/h5><\/div> <div id=\"tab-valores-3\" class=\"tab-content et-clearfix\">[vc_column_text]<b>INTEGRIDAD:\u00a0<\/b>Es actuar conforme a las normas \u00e9ticas y sociales, procediendo en consonancia con lo que se considera importante.[\/vc_column_text][vc_column_text]<b>LIDERAZGO:\u00a0<\/b>Conjunto de pr\u00e1cticas y habilidades propias que fomenta la empresa, orientadas hacia el logro de los objetivos propuestos.[\/vc_column_text][vc_column_text]<b>CALIDAD:<\/b>\u00a0Superioridad o excelencia de los procesos, con el fin de aumentar la satisfacci\u00f3n de los clientes y partes interesadas.[\/vc_column_text]<\/div><\/div><\/div>[\/vc_column][\/vc_row][vc_row full_width=&#8221;stretch_row&#8221; gap=&#8221;0&#8243; fixed_bg=&#8221;true&#8221; css=&#8221;.vc_custom_1647818216816{padding-top: 0px !important;padding-right: 0px !important;padding-bottom: 0px !important;padding-left: 0px !important;background-color: #fd8c40 !important;background-position: center !important;background-repeat: no-repeat !important;background-size: contain !important;}&#8221; el_id=&#8221;background-position-75&#8243; fixed_bg_image=&#8221;12267&#8243;][vc_column]<div class=\"gap et-clearfix hide767\" style=\"height:104px\"><\/div><div class=\"gap et-clearfix hide768\" style=\"height:24px\"><\/div><div class=\"et-ghost-title-wrapper\"><style>#et-ghost-title-1 {min-height:256px;padding-top:128px;}#et-ghost-title-1 .ghost-title {font-size:256px;line-height:256px;font-weight:700;color:rgba(0,0,0,0.1);left:-4px;}<\/style><div id=\"et-ghost-title-1\" class=\"et-ghost-title et-clearfix \" data-mobile-font=\"96px\" data-tablet-font=\"inherit\"><div class=\"ghost-title\">100%<\/div><div class=\"ghost-content et-clearfix\">[vc_custom_heading text=&#8221;Experiencia y Seguridad&#8221; font_container=&#8221;tag:h3|font_size:70px|text_align:left|color:%23ffffff|line_height:70px&#8221; use_theme_fonts=&#8221;yes&#8221; css_animation=&#8221;bounceIn&#8221; mobile_font_size=&#8221;32px&#8221;][vc_row_inner][vc_column_inner width=&#8221;1\/2&#8243; offset=&#8221;vc_col-lg-3 vc_col-md-3 vc_col-xs-12&#8243;]<div class=\"gap et-clearfix \" style=\"height:8px\"><\/div><p data-to=\"100\" class=\"et-counter et-clearfix\" style=\"font-size:48px;font-weight:400;line-height:56px;color:#212121;\"><span class=\"counter\"><\/span><span class=\"prefix\">+<\/span><\/p><h6 class=\"et-highlight-title \" style=\"font-size:12px;font-weight:700;line-height:26px;letter-spacing:0.5px;color:#ffffff;\" data-mobile-font=\"inherit\" data-tablet-font=\"inherit\"><span class=\"title-inner\">COLABORADORES<span class=\"highlight-line\" style=\"background-color:#ffffff;\"><\/span><\/span><\/h6>[\/vc_column_inner][vc_column_inner width=&#8221;1\/2&#8243; offset=&#8221;vc_col-lg-3 vc_col-md-3 vc_col-xs-12&#8243;]<div class=\"gap et-clearfix \" style=\"height:8px\"><\/div><p data-to=\"100\" class=\"et-counter et-clearfix\" style=\"font-size:48px;font-weight:400;line-height:56px;color:#212121;\"><span class=\"counter\"><\/span><span class=\"prefix\">%<\/span><\/p><h6 class=\"et-highlight-title \" style=\"font-size:12px;font-weight:700;line-height:26px;letter-spacing:0.5px;color:#ffffff;\" data-mobile-font=\"inherit\" data-tablet-font=\"inherit\"><span class=\"title-inner\">COBERTURA NACIONAL<span class=\"highlight-line\" style=\"background-color:#ffffff;\"><\/span><\/span><\/h6>[\/vc_column_inner][vc_column_inner width=&#8221;1\/2&#8243; offset=&#8221;vc_col-lg-3 vc_col-md-3 vc_col-xs-12&#8243;]<div class=\"gap et-clearfix \" style=\"height:8px\"><\/div><p data-to=\"500\" class=\"et-counter et-clearfix\" style=\"font-size:48px;font-weight:400;line-height:56px;color:#212121;\"><span class=\"counter\"><\/span><span class=\"prefix\">+<\/span><\/p><h6 class=\"et-highlight-title \" style=\"font-size:12px;font-weight:700;line-height:26px;letter-spacing:0.5px;color:#ffffff;\" data-mobile-font=\"inherit\" data-tablet-font=\"inherit\"><span class=\"title-inner\">CLIENTES FELICES<span class=\"highlight-line\" style=\"background-color:#ffffff;\"><\/span><\/span><\/h6>[\/vc_column_inner][vc_column_inner width=&#8221;1\/2&#8243; offset=&#8221;vc_col-lg-3 vc_col-md-3 vc_col-xs-12&#8243;]<div class=\"gap et-clearfix \" style=\"height:8px\"><\/div><p data-to=\"200\" class=\"et-counter et-clearfix\" style=\"font-size:48px;font-weight:400;line-height:56px;color:#212121;\"><span class=\"counter\"><\/span><span class=\"prefix\">+<\/span><\/p><h6 class=\"et-highlight-title \" style=\"font-size:12px;font-weight:700;line-height:26px;letter-spacing:0.5px;color:#ffffff;\" data-mobile-font=\"inherit\" data-tablet-font=\"inherit\"><span class=\"title-inner\">VEH\u00cdCULOS<span class=\"highlight-line\" style=\"background-color:#ffffff;\"><\/span><\/span><\/h6>[\/vc_column_inner][\/vc_row_inner]<\/div><\/div><\/div><div class=\"gap et-clearfix hide768\" style=\"height:48px\"><\/div><div class=\"gap et-clearfix hide767\" style=\"height:150px\"><\/div>[\/vc_column][\/vc_row][vc_row][vc_column animation_delay=&#8221;0&#8243; css=&#8221;.vc_custom_1650418914562{padding-top: 10px !important;padding-bottom: 30px !important;}&#8221;]<div class=\"gap et-clearfix \" style=\"height:32px\"><\/div><div class=\"gap et-clearfix \" style=\"height:16px\"><\/div><h6 class=\"et-highlight-title \" style=\"font-size:12px;font-weight:700;line-height:24px;letter-spacing:0.5px;color:#9a9a9a;\" data-mobile-font=\"inherit\" data-tablet-font=\"inherit\"><span class=\"title-inner\">NUESTROS CLIENTES<span class=\"highlight-line\" style=\"background-color:#fd8c40;\"><\/span><\/span><\/h6><h3 id=\"et-animated-title-2\" class=\"et-animated-title et-clearfix  words-direct\" data-mobile-font=\"18px\" data-tablet-font=\"32px\" data-delay=\"100\" style=\"font-size:24px;font-weight:700;line-height:56px;color:#212121;\"><span class=\"text-wrapper\"><span class=\"text\">En el territorio Colombiano contamos con clientes que respaldan nuestra gesti\u00f3n de calidad.<\/span><\/span><\/h3><div class=\"gap et-clearfix \" style=\"height:32px\"><\/div><div class=\"et-client-wrapper\"><style>#loop-client-1{margin-left:-15px;margin-right:-15px;}#loop-client-1 .et-item {padding-left:15px;padding-right:15px;}#loop-client-1 .owl-nav > .owl-prev {left:-62px}#loop-client-1 .owl-nav > .owl-next {right:-62px}<\/style><div id=\"loop-client-1\" data-columns=\"4\" class=\"loop-client with-gap owl-carousel effect-none et-item-set et-clearfix\"><div class=\"et-item et-client-item\"><div class=\"et-item-inner\"><div class=\"client-content et-clearfix\"><img width=\"281\" height=\"186\" alt=\"\" src=\"https:\/\/transportour.com.co\/wp-content\/uploads\/2022\/04\/socya-1.jpg\"><\/div><\/div><\/div><div class=\"et-item et-client-item\"><div class=\"et-item-inner\"><div class=\"client-content et-clearfix\"><a href=\"https:\/\/www.grupoenergiabogota.com\/\" target=\"_blank\"><img width=\"281\" height=\"186\" alt=\"\" src=\"https:\/\/transportour.com.co\/wp-content\/uploads\/2022\/04\/logo_energia.jpg\"><\/a><\/div><\/div><\/div><div class=\"et-item et-client-item\"><div class=\"et-item-inner\"><div class=\"client-content et-clearfix\"><a href=\"https:\/\/cu.epm.com.co\/\" target=\"_blank\"><img width=\"281\" height=\"186\" alt=\"\" src=\"https:\/\/transportour.com.co\/wp-content\/uploads\/2022\/04\/logo_epm.jpg\"><\/a><\/div><\/div><\/div><div class=\"et-item et-client-item\"><div class=\"et-item-inner\"><div class=\"client-content et-clearfix\"><a href=\"https:\/\/www.celsia.com\/es\/\" target=\"_blank\"><img width=\"281\" height=\"186\" alt=\"\" src=\"https:\/\/transportour.com.co\/wp-content\/uploads\/2022\/04\/celsia.jpg\"><\/a><\/div><\/div><\/div><div class=\"et-item et-client-item\"><div class=\"et-item-inner\"><div class=\"client-content et-clearfix\"><a href=\"https:\/\/www.edemsa.com.co\/index.php\/es\/\" target=\"_blank\"><img width=\"281\" height=\"186\" alt=\"\" src=\"https:\/\/transportour.com.co\/wp-content\/uploads\/2022\/04\/edemsa.jpg\"><\/a><\/div><\/div><\/div><\/div><\/div><div class=\"gap et-clearfix \" style=\"height:32px\"><\/div><div class=\"gap et-clearfix \" style=\"height:32px\"><\/div>[\/vc_column][\/vc_row]<\/p>\n","protected":false},"excerpt":{"rendered":"<p>Leverage agile frameworks to provide a robust synopsis for high level overviews. Iterative approaches to corporate strategy foster collaborative thinking to further the overall value proposition. Organically grow the holistic world view of disruptive innovation via workplace diversity and empowerment.<\/p>\n","protected":false},"author":1,"featured_media":0,"parent":0,"menu_order":0,"comment_status":"closed","ping_status":"closed","template":"page-vc.php","meta":{"_monsterinsights_skip_tracking":false,"_monsterinsights_sitenote_active":false,"_monsterinsights_sitenote_note":"","_monsterinsights_sitenote_category":0},"_links":{"self":[{"href":"https:\/\/transportour.com.co\/index.php\/wp-json\/wp\/v2\/pages\/8096"}],"collection":[{"href":"https:\/\/transportour.com.co\/index.php\/wp-json\/wp\/v2\/pages"}],"about":[{"href":"https:\/\/transportour.com.co\/index.php\/wp-json\/wp\/v2\/types\/page"}],"author":[{"embeddable":true,"href":"https:\/\/transportour.com.co\/index.php\/wp-json\/wp\/v2\/users\/1"}],"replies":[{"embeddable":true,"href":"https:\/\/transportour.com.co\/index.php\/wp-json\/wp\/v2\/comments?post=8096"}],"version-history":[{"count":112,"href":"https:\/\/transportour.com.co\/index.php\/wp-json\/wp\/v2\/pages\/8096\/revisions"}],"predecessor-version":[{"id":14425,"href":"https:\/\/transportour.com.co\/index.php\/wp-json\/wp\/v2\/pages\/8096\/revisions\/14425"}],"wp:attachment":[{"href":"https:\/\/transportour.com.co\/index.php\/wp-json\/wp\/v2\/media?parent=8096"}],"curies":[{"name":"wp","href":"https:\/\/api.w.org\/{rel}","templated":true}]}}