{"id":8114,"date":"2018-02-28T07:42:19","date_gmt":"2018-02-28T07:42:19","guid":{"rendered":"https:\/\/enovathemes.com\/globax\/?page_id=8114"},"modified":"2022-08-15T18:29:09","modified_gmt":"2022-08-15T18:29:09","slug":"certificaciones","status":"publish","type":"page","link":"https:\/\/transportour.com.co\/index.php\/certificaciones\/","title":{"rendered":"certificaciones"},"content":{"rendered":"<p>[vc_row gap=&#8221;40&#8243; css=&#8221;.vc_custom_1532439407886{padding-top: 40px !important;padding-bottom: 40px !important;}&#8221;][vc_column animation_delay=&#8221;0&#8243; css_animation=&#8221;none&#8221; offset=&#8221;vc_col-lg-8 vc_col-md-8 vc_col-xs-12&#8243;]<div class=\"et-accordion-wrapper\"><div id=\"et-accordion-1\" class=\"et-accordion et-clearfix collapsible-true\"><div class=\"active icon-true toggle-title et-clearfix\"><span class=\"toggle-icon fa fa-check\"><\/span><h5 class=\"toggle-title-tag\">CERTIFICACIONES ISO-TRANSPORTOUR<\/h5><span class=\"toggle-ind fa fa-plus\"><\/span><\/div> <div id=\"certificaciones-iso-transportour-1\" class=\"toggle-content et-clearfix\"><div class=\"et-simple-braket-block-wrapper\"><style>#et-simple-braket-block-1 .braket-text {font-weight:400;}#et-simple-braket-block-1 .braket > div  {background-color:#fd8c40;}<\/style><div id=\"et-simple-braket-block-1\" class=\"et-simple-braket-block \"><div class=\"braket\"><div><\/div><div><\/div><div><\/div><\/div><div class=\"braket-text\" data-mobile-font=\"inherit\" data-tablet-font=\"inherit\">El Sistema de Gesti\u00f3n integral (ISO 9001: 2015 - ISO 45001: 2018) aplica para la Prestaci\u00f3n de Servicio p\u00fablico de Transporte Terrestre automotor en la modalidad especial<\/div><\/div><\/div><\/div><\/div><\/div><div id=\"fb3d-447700116\" class=\"_3d-flip-book  fb3d-fullscreen-mode full-size\" data-id=\"14349\" data-mode=\"fullscreen\" data-title=\"false\" data-template=\"short-white-book-view\" data-lightbox=\"dark\" data-urlparam=\"fb3d-page\" data-page-n=\"0\" data-pdf=\"\" data-tax=\"null\" data-thumbnail=\"\" data-cols=\"3\" data-query=\"\"><\/div><script type=\"text\/javascript\">window.FB3D_CLIENT_DATA = window.FB3D_CLIENT_DATA || [];window.FB3D_CLIENT_DATA.push('eyJwb3N0cyI6eyIxNDM0OSI6eyJJRCI6MTQzNDksInRpdGxlIjoiQ0VSVElGSUNBQ0lPTkVTIElTTy1UUkFOU1BPUlRPVVIiLCJ0eXBlIjoicGRmIiwicmVhZHlfZnVuY3Rpb24iOiIiLCJib29rX3N0eWxlIjoidm9sdW1lLXBhZGRpbmdzIiwiZGF0YSI6eyJwb3N0X0lEIjoiMTQ0MjQiLCJndWlkIjoiaHR0cDpcL1wvdHJhbnNwb3J0b3VyLmNvbS5jb1wvd3AtY29udGVudFwvdXBsb2Fkc1wvMjAyMlwvMDhcL0NFUl9JU09fVFJBTlNQT1JUT1VSLnBkZiIsInBkZl9wYWdlcyI6IjIiLCJwYWdlc19jdXN0b21pemF0aW9uIjoibm9uZSJ9LCJ0aHVtYm5haWwiOnsiZGF0YSI6eyJwb3N0X0lEIjoiMCJ9LCJ0eXBlIjoiYXV0byJ9LCJwcm9wcyI6eyJjYWNoZWRQYWdlcyI6ImF1dG8iLCJyZW5kZXJJbmFjdGl2ZVBhZ2VzIjoiYXV0byIsInJlbmRlckluYWN0aXZlUGFnZXNPbk1vYmlsZSI6ImF1dG8iLCJyZW5kZXJXaGlsZUZsaXBwaW5nIjoiYXV0byIsInByZWxvYWRQYWdlcyI6ImF1dG8iLCJydGwiOiJhdXRvIiwiaW50ZXJhY3RpdmVDb3JuZXJzIjoiYXV0byIsInNoZWV0Ijp7InN0YXJ0VmVsb2NpdHkiOiJhdXRvIiwid2F2ZSI6ImF1dG8iLCJzaGFwZSI6ImF1dG8iLCJ3aWR0aFRleGVscyI6ImF1dG8iLCJjb2xvciI6ImF1dG8iLCJzaWRlIjoiYXV0byIsImNvcm5lckRldmlhdGlvbiI6ImF1dG8iLCJmbGV4aWJpbGl0eSI6ImF1dG8iLCJmbGV4aWJsZUNvcm5lciI6ImF1dG8iLCJiZW5kaW5nIjoiYXV0byIsImhlaWdodFRleGVscyI6ImF1dG8ifSwiY292ZXIiOnsid2F2ZSI6ImF1dG8iLCJjb2xvciI6ImF1dG8iLCJiaW5kZXJUZXh0dXJlIjoiYXV0byIsImRlcHRoIjoiYXV0byIsInBhZGRpbmciOiJhdXRvIiwic3RhcnRWZWxvY2l0eSI6ImF1dG8iLCJmbGV4aWJpbGl0eSI6ImF1dG8iLCJmbGV4aWJsZUNvcm5lciI6ImF1dG8iLCJiZW5kaW5nIjoiYXV0byIsIndpZHRoVGV4ZWxzIjoiYXV0byIsImhlaWdodFRleGVscyI6ImF1dG8iLCJtYXNzIjoiYXV0byIsInNpZGUiOiJhdXRvIiwic2hhcGUiOiJhdXRvIn0sInBhZ2UiOnsid2F2ZSI6ImF1dG8iLCJjb2xvciI6ImF1dG8iLCJkZXB0aCI6ImF1dG8iLCJzdGFydFZlbG9jaXR5IjoiYXV0byIsImZsZXhpYmlsaXR5IjoiYXV0byIsImZsZXhpYmxlQ29ybmVyIjoiYXV0byIsImJlbmRpbmciOiJhdXRvIiwid2lkdGhUZXhlbHMiOiJhdXRvIiwiaGVpZ2h0VGV4ZWxzIjoiYXV0byIsIm1hc3MiOiJhdXRvIiwic2lkZSI6ImF1dG8iLCJzaGFwZSI6ImF1dG8ifSwiaGVpZ2h0IjoiYXV0byIsIndpZHRoIjoiYXV0byIsImdyYXZpdHkiOiJhdXRvIiwicGFnZXNGb3JQcmVkaWN0aW5nIjoiYXV0byJ9LCJjb250cm9sUHJvcHMiOnsiYWN0aW9ucyI6eyJjbWRTYXZlIjp7ImVuYWJsZWQiOiJhdXRvIiwiZW5hYmxlZEluTmFycm93IjoiYXV0byJ9LCJjbWRQcmludCI6eyJlbmFibGVkIjoiYXV0byIsImVuYWJsZWRJbk5hcnJvdyI6ImF1dG8ifSwiY21kU2luZ2xlUGFnZSI6eyJlbmFibGVkIjoiYXV0byIsImVuYWJsZWRJbk5hcnJvdyI6ImF1dG8iLCJhY3RpdmUiOiJhdXRvIiwiYWN0aXZlRm9yTW9iaWxlIjoiYXV0byJ9fX0sImF1dG9UaHVtYm5haWwiOiJodHRwOlwvXC90cmFuc3BvcnRvdXIuY29tLmNvXC93cC1jb250ZW50XC91cGxvYWRzXC8zZC1mbGlwLWJvb2tcL2F1dG8tdGh1bWJuYWlsc1wvMTQzNDkucG5nIiwicG9zdF9uYW1lIjoiaXNvLTQ1MDAxLTIwMTgtdHJhbnNwb3J0b3VyIiwicG9zdF90eXBlIjoiM2QtZmxpcC1ib29rIn19LCJwYWdlcyI6W10sImZpcnN0UGFnZXMiOltdfQ==');window.FB3D_CLIENT_LOCALE && window.FB3D_CLIENT_LOCALE.render();<\/script>[\/vc_column][vc_column animation_delay=&#8221;0&#8243; el_class=&#8221;et-element-column-with-border-left&#8221; offset=&#8221;vc_col-lg-4 vc_col-md-4 vc_col-xs-12&#8243;]<div class=\"et-announcement-wrapper\"><style>#et-announcement-1 {background-image:url(https:\/\/transportour.com.co\/wp-content\/uploads\/2018\/07\/banner1.jpg);background-color:#fd8c40;}#et-announcement-1 .announcement-title > *  {color:#ffffff;}<\/style><div id=\"et-announcement-1\" class=\"et-announcement\"><div class=\"announcement-title et-clearfix\"><div class=\"et-el-icon medium\"><span class=\"el-icon fa fa-map-marker animate-false\"><\/span><\/div><h3 class=\"title\">Ubicaci\u00f3n<\/h3><\/div><div class=\"announcement-content et-clearfix\">[vc_custom_heading text=&#8221;Carrera 66 # 42-119 &#8211; Medellin &#8211; Colombia&#8221; font_container=&#8221;tag:h6|font_size:18px|text_align:left|color:%23ffffff|line_height:32px&#8221; use_theme_fonts=&#8221;yes&#8221;]<a target=\"_blank\" href=\"https:\/\/www.google.com\/maps\/place\/TRANSPORTOUR+SAS\/@6.2469497,-75.5845639,15z\/data=!4m5!3m4!1s0x0:0x9aaa051dad30559e!8m2!3d6.2469497!4d-75.5845639\" id=\"et-button-1\" style=\"color:#212121;font-weight:700 !important;\" class=\"et-button   icon-position-left modal-false medium hover-fill false click-none\" data-color=\"#212121\" data-colorhover=\"#ffffff\"><span style=\"background-color:#212121 !important;\" class=\"hover\"><\/span><span style=\"background-color:#ffffff;\" class=\"regular\"><\/span><span class=\"text\">VER DIRECCI\u00d3N<\/span><\/a><\/div><\/div><\/div><div class=\"gap et-clearfix \" style=\"height:40px\"><\/div>[\/vc_column][\/vc_row][vc_section][vc_row][vc_column]<div class=\"sep-wrap left   et-clearfix\" data-delay=\"0\"><div class=\"et-separator solid\" style=\"height:1px;width:100%;border-bottom-width:1px;border-bottom-style:solid;border-bottom-color:#e0e0e0;\"><\/div><\/div>[\/vc_column][\/vc_row][\/vc_section]<\/p>\n","protected":false},"excerpt":{"rendered":"<p>Leverage agile frameworks to provide a robust synopsis for high level overviews. Iterative approaches to corporate strategy foster collaborative thinking to further the overall value proposition. Organically grow the holistic world view of disruptive innovation via workplace diversity and empowerment.<\/p>\n","protected":false},"author":1,"featured_media":0,"parent":0,"menu_order":0,"comment_status":"closed","ping_status":"closed","template":"page-vc.php","meta":{"_monsterinsights_skip_tracking":false,"_monsterinsights_sitenote_active":false,"_monsterinsights_sitenote_note":"","_monsterinsights_sitenote_category":0},"_links":{"self":[{"href":"https:\/\/transportour.com.co\/index.php\/wp-json\/wp\/v2\/pages\/8114"}],"collection":[{"href":"https:\/\/transportour.com.co\/index.php\/wp-json\/wp\/v2\/pages"}],"about":[{"href":"https:\/\/transportour.com.co\/index.php\/wp-json\/wp\/v2\/types\/page"}],"author":[{"embeddable":true,"href":"https:\/\/transportour.com.co\/index.php\/wp-json\/wp\/v2\/users\/1"}],"replies":[{"embeddable":true,"href":"https:\/\/transportour.com.co\/index.php\/wp-json\/wp\/v2\/comments?post=8114"}],"version-history":[{"count":29,"href":"https:\/\/transportour.com.co\/index.php\/wp-json\/wp\/v2\/pages\/8114\/revisions"}],"predecessor-version":[{"id":14373,"href":"https:\/\/transportour.com.co\/index.php\/wp-json\/wp\/v2\/pages\/8114\/revisions\/14373"}],"wp:attachment":[{"href":"https:\/\/transportour.com.co\/index.php\/wp-json\/wp\/v2\/media?parent=8114"}],"curies":[{"name":"wp","href":"https:\/\/api.w.org\/{rel}","templated":true}]}}